{"id":634,"date":"2021-11-05T21:00:50","date_gmt":"2021-11-05T20:00:50","guid":{"rendered":"http:\/\/ijamact.com\/?page_id=634"},"modified":"2023-03-04T15:21:29","modified_gmt":"2023-03-04T14:21:29","slug":"martial-events-cultural-activities","status":"publish","type":"page","link":"https:\/\/ijamact.com\/index.php\/events-conferences\/martial-events-cultural-activities\/","title":{"rendered":"Martial Arts Events &#038; Cultural Activities"},"content":{"rendered":"\t\t<div data-elementor-type=\"wp-page\" data-elementor-id=\"634\" class=\"elementor elementor-634\">\n\t\t\t\t\t\t<section class=\"elementor-section elementor-top-section elementor-element elementor-element-02a869f elementor-section-boxed elementor-section-height-default elementor-section-height-default\" data-id=\"02a869f\" data-element_type=\"section\" data-e-type=\"section\">\n\t\t\t\t\t\t<div class=\"elementor-container elementor-column-gap-default\">\n\t\t\t\t\t<div class=\"elementor-column elementor-col-100 elementor-top-column elementor-element elementor-element-7a32569\" data-id=\"7a32569\" data-element_type=\"column\" data-e-type=\"column\">\n\t\t\t<div class=\"elementor-widget-wrap elementor-element-populated\">\n\t\t\t\t\t\t<div class=\"elementor-element elementor-element-e198866 uael-post__link-complete-yes uael-posts-thumbnail-ratio elementor-widget elementor-widget-uael-posts\" data-id=\"e198866\" data-element_type=\"widget\" data-e-type=\"widget\" data-settings=\"{&quot;feed_slides_to_show_tablet&quot;:2,&quot;feed_slides_to_show_mobile&quot;:1,&quot;feed_show_filters&quot;:&quot;no&quot;}\" data-widget_type=\"uael-posts.feed\">\n\t\t\t\t<div class=\"elementor-widget-container\">\n\t\t\t\t\t\t\t<div class=\"uael-post__header\">\n\t\t\t\t\t<\/div>\n\t\t<div class=\"uael-post__body\">\n\t\t\t\n\t\t\n\t\t<div class=\"uael-post-grid uael-posts\" data-query-type=\"custom\" data-structure=\"\" data-layout=\"\" data-page=\"634\" data-skin=\"feed\" data-filter-default=\"\" data-offset-top=\"30\" >\n\n\t\t\t\t\t\t\t<div class=\"uael-post-grid__inner uael-post__columns-1 uael-post__columns-tablet-1 uael-post__columns-mobile-1 uael-post-infinite-scroll uael-post-infinite__event-scroll\">\n\t\t\t\n\n<div class=\"uael-post-wrapper  blog cultural-events news \">\n\n\t<div class=\"uael-post__bg-wrap\">\n\t\t\t\t\t<a href=\"https:\/\/ijamact.com\/index.php\/2023\/03\/04\/lettre-dinvitation-au-festival-africain-des-arts-martiaux-fadam-rdc-2023\/\" target=\"_blank\" class=\"uael-post__complete-box-overlay\" aria-label=\"Link Complete Box\"><\/a>\n\t\t\n\t\t\n\t\t<div class=\"uael-post__inner-wrap \">\n\n\t\t\t\t<div class=\"uael-post__thumbnail\">\n\t\t\t\n\t\t\t<a href=\"https:\/\/ijamact.com\/index.php\/2023\/03\/04\/lettre-dinvitation-au-festival-africain-des-arts-martiaux-fadam-rdc-2023\/\" target=\"_self\" title=\"Lettre d&rsquo;Invitation au Festival Africain des Arts Martiaux (FADAM) RDC 2023\"><img fetchpriority=\"high\" decoding=\"async\" width=\"1309\" height=\"1127\" src=\"https:\/\/ijamact.com\/wp-content\/uploads\/2023\/03\/Festival-Africain-des-Arts-Martiaux-FADAM-2023.jpeg\" class=\"attachment-full size-full wp-image-3251\" alt=\"\" srcset=\"https:\/\/ijamact.com\/wp-content\/uploads\/2023\/03\/Festival-Africain-des-Arts-Martiaux-FADAM-2023.jpeg 1309w, https:\/\/ijamact.com\/wp-content\/uploads\/2023\/03\/Festival-Africain-des-Arts-Martiaux-FADAM-2023-300x258.jpeg 300w, https:\/\/ijamact.com\/wp-content\/uploads\/2023\/03\/Festival-Africain-des-Arts-Martiaux-FADAM-2023-1024x882.jpeg 1024w, https:\/\/ijamact.com\/wp-content\/uploads\/2023\/03\/Festival-Africain-des-Arts-Martiaux-FADAM-2023-768x661.jpeg 768w\" sizes=\"(max-width: 1309px) 100vw, 1309px\" \/><\/a>\n\t\t\t\t\t<\/div>\n\t\t\n\t\t\t\n\t\t\t<div class=\"uael-post__content-wrap\">\n\n\t\t\t<span class=\"uael-post__terms\"><a href=\"https:\/\/ijamact.com\/index.php\/category\/blog\/\" class=\"uael-listing__terms-link\" id=\"uael-post-term-blog\" aria-labelledby=\"uael-post-term-blog\">Blog<\/a><\/span>\t\t<h3 class=\"uael-post__title\">\n\n\t\t\n\t\t\t\t\t\t<a href=\"https:\/\/ijamact.com\/index.php\/2023\/03\/04\/lettre-dinvitation-au-festival-africain-des-arts-martiaux-fadam-rdc-2023\/\" target=\"_self\">\n\t\t\t\tLettre d&rsquo;Invitation au Festival Africain des Arts Martiaux (FADAM) RDC 2023\t\t\t<\/a>\n\n\t\t\t\t<\/h3>\n\t\t<div class=\"uael-post__separator\"><\/div>\n\t\t<div class=\"uael-post__excerpt\">\n\t\t\tMadame, Monsieur, Le Comit\u00e9 d\u2019organisation du Festival Africain des Arts Martiaux (FADAM), l\u2019unique Open mondial des arts martiaux, a le plaisir d\u2019inviter votre F\u00e9d\u00e9ration, Association ou Club \u00e0 participer \u00e0 sa 2\u00e8me \u00e9dition, qui se tiendra \u00e0 Kinshasa du 17 au 24 juin 2023, sous le Haut ...\t\t<\/div>\n\n\t\t\t\t\t<div class=\"uael-post__meta-data\">\n\t\t\t\t\t<span class=\"uael-post__author\">\n\t\t\t\n\t\t\t\t\t\t\t\t\t\t\t<i aria-hidden=\"true\" class=\"fa fa-user\"><\/i>\t\t\t\t\t\t\t\t\t\n\t\t\t<a href=\"https:\/\/ijamact.com\/index.php\/author\/adminijamact\/\" title=\"Articles par Ijamact\" rel=\"author\">Ijamact<\/a>\t\t<\/span>\n\t\t\t\t<span class=\"uael-post__date\">\n\t\t\t\t\t\t\t\t\t\t\t\t\t<i aria-hidden=\"true\" class=\"fa fa-calendar\"><\/i>\t\t\t\t\t\t\t\t\t\n\t\t\tmars 4, 2023\t\t<\/span>\n\t\t\t\t<span class=\"uael-post__comments\">\n\t\t\t\t\t\t\t\t\t\t\t\t<i aria-hidden=\"true\" class=\"fa fa-comments\"><\/i>\t\t\t\t\t\t\t\t\t\tAucun commentaire\t\t<\/span>\n\t\t<span class=\"uael-post__terms-meta uael-post__terms-meta-cat\"> <a href=\"https:\/\/ijamact.com\/index.php\/category\/blog\/\" class=\"uael-listing__terms-link\" id=\"uael-post-term-blog\" aria-labelledby=\"uael-post-term-blog\">Blog<\/a><\/span><span class=\"uael-post__terms-meta uael-post__terms-meta-tag\"> <a href=\"https:\/\/ijamact.com\/index.php\/tag\/fadam-2023\/\" class=\"uael-listing__terms-link\" id=\"uael-post-term-fadam-2023\" aria-labelledby=\"uael-post-term-fadam-2023\">FADAM 2023<\/a><\/span>\t\t<\/div>\n\t\t\t\t\t<a class=\"uael-post__read-more elementor-button\" href=\"https:\/\/ijamact.com\/index.php\/2023\/03\/04\/lettre-dinvitation-au-festival-africain-des-arts-martiaux-fadam-rdc-2023\/\" target=\"_blank\" aria-labelledby=\"uael-post-3260\">\n\t\t\t\t\t<span class=\"elementor-button-content-wrapper\">\n\t\t\t\t\t\t\t\t\t\t\t\t\t\t<span class=\"elementor-button-icon elementor-align-icon-left\">\n\n\t\t\t\t\t\t\t\t\t\n\t\t\t\t\t\t\t\t<\/span>\n\t\t\t\t\t\t\t\t\t\t\t\t\t\n\t\t\t\t\t\t<span class=\"elementor-button-text\" id=uael-post-3260>Read More \u2192<\/span>\n\t\t\t\t\t<\/span>\n\t\t\t\t<\/a>\n\t\t\t\t\t\t<\/div>\n\t\t\t\n\t\t<\/div>\n\t\t\n\t<\/div>\n\n<\/div>\n\n\n<div class=\"uael-post-wrapper  blog cultural-events news short-articles \">\n\n\t<div class=\"uael-post__bg-wrap\">\n\t\t\t\t\t<a href=\"https:\/\/ijamact.com\/index.php\/2023\/03\/04\/festival-africain-des-arts-martiaux-fadam-2023-the-only-world-open-for-martial-arts-is-in-africa\/\" target=\"_blank\" class=\"uael-post__complete-box-overlay\" aria-label=\"Link Complete Box\"><\/a>\n\t\t\n\t\t\n\t\t<div class=\"uael-post__inner-wrap \">\n\n\t\t\t\t<div class=\"uael-post__thumbnail\">\n\t\t\t\n\t\t\t<a href=\"https:\/\/ijamact.com\/index.php\/2023\/03\/04\/festival-africain-des-arts-martiaux-fadam-2023-the-only-world-open-for-martial-arts-is-in-africa\/\" target=\"_self\" title=\"Festival Africain des Arts Martiaux (FADAM) 2023: THE ONLY WORLD OPEN FOR MARTIAL ARTS is in AFRICA\"><img decoding=\"async\" width=\"1317\" height=\"1120\" src=\"https:\/\/ijamact.com\/wp-content\/uploads\/2023\/03\/Festival-Africain-des-Arts-Martiaux-FADAM-2023-2.jpeg\" class=\"attachment-full size-full wp-image-3249\" alt=\"\" srcset=\"https:\/\/ijamact.com\/wp-content\/uploads\/2023\/03\/Festival-Africain-des-Arts-Martiaux-FADAM-2023-2.jpeg 1317w, https:\/\/ijamact.com\/wp-content\/uploads\/2023\/03\/Festival-Africain-des-Arts-Martiaux-FADAM-2023-2-300x255.jpeg 300w, https:\/\/ijamact.com\/wp-content\/uploads\/2023\/03\/Festival-Africain-des-Arts-Martiaux-FADAM-2023-2-1024x871.jpeg 1024w, https:\/\/ijamact.com\/wp-content\/uploads\/2023\/03\/Festival-Africain-des-Arts-Martiaux-FADAM-2023-2-768x653.jpeg 768w\" sizes=\"(max-width: 1317px) 100vw, 1317px\" \/><\/a>\n\t\t\t\t\t<\/div>\n\t\t\n\t\t\t\n\t\t\t<div class=\"uael-post__content-wrap\">\n\n\t\t\t<span class=\"uael-post__terms\"><a href=\"https:\/\/ijamact.com\/index.php\/category\/blog\/\" class=\"uael-listing__terms-link\" id=\"uael-post-term-blog\" aria-labelledby=\"uael-post-term-blog\">Blog<\/a><\/span>\t\t<h3 class=\"uael-post__title\">\n\n\t\t\n\t\t\t\t\t\t<a href=\"https:\/\/ijamact.com\/index.php\/2023\/03\/04\/festival-africain-des-arts-martiaux-fadam-2023-the-only-world-open-for-martial-arts-is-in-africa\/\" target=\"_self\">\n\t\t\t\tFestival Africain des Arts Martiaux (FADAM) 2023: THE ONLY WORLD OPEN FOR MARTIAL ARTS is in AFRICA\t\t\t<\/a>\n\n\t\t\t\t<\/h3>\n\t\t<div class=\"uael-post__separator\"><\/div>\n\t\t<div class=\"uael-post__excerpt\">\n\t\t\tMaster Dominique Saatenang \"The African Bruce Lee\" Organizes, In Partnership with The Ministry of Sports and Recreation and The Ministry of Culture, Arts and Patrimony of the Democratic Republic of Congo, the Festival Africain des Arts Martiaux (FADAM) 2023. Under The High Patronage of His Excellency Mr. ...\t\t<\/div>\n\n\t\t\t\t\t<div class=\"uael-post__meta-data\">\n\t\t\t\t\t<span class=\"uael-post__author\">\n\t\t\t\n\t\t\t\t\t\t\t\t\t\t\t<i aria-hidden=\"true\" class=\"fa fa-user\"><\/i>\t\t\t\t\t\t\t\t\t\n\t\t\t<a href=\"https:\/\/ijamact.com\/index.php\/author\/adminijamact\/\" title=\"Articles par Ijamact\" rel=\"author\">Ijamact<\/a>\t\t<\/span>\n\t\t\t\t<span class=\"uael-post__date\">\n\t\t\t\t\t\t\t\t\t\t\t\t\t<i aria-hidden=\"true\" class=\"fa fa-calendar\"><\/i>\t\t\t\t\t\t\t\t\t\n\t\t\tmars 4, 2023\t\t<\/span>\n\t\t\t\t<span class=\"uael-post__comments\">\n\t\t\t\t\t\t\t\t\t\t\t\t<i aria-hidden=\"true\" class=\"fa fa-comments\"><\/i>\t\t\t\t\t\t\t\t\t\tAucun commentaire\t\t<\/span>\n\t\t<span class=\"uael-post__terms-meta uael-post__terms-meta-cat\"> <a href=\"https:\/\/ijamact.com\/index.php\/category\/blog\/\" class=\"uael-listing__terms-link\" id=\"uael-post-term-blog\" aria-labelledby=\"uael-post-term-blog\">Blog<\/a><\/span><span class=\"uael-post__terms-meta uael-post__terms-meta-tag\"> <a href=\"https:\/\/ijamact.com\/index.php\/tag\/fadam-2023\/\" class=\"uael-listing__terms-link\" id=\"uael-post-term-fadam-2023\" aria-labelledby=\"uael-post-term-fadam-2023\">FADAM 2023<\/a><\/span>\t\t<\/div>\n\t\t\t\t\t<a class=\"uael-post__read-more elementor-button\" href=\"https:\/\/ijamact.com\/index.php\/2023\/03\/04\/festival-africain-des-arts-martiaux-fadam-2023-the-only-world-open-for-martial-arts-is-in-africa\/\" target=\"_blank\" aria-labelledby=\"uael-post-3248\">\n\t\t\t\t\t<span class=\"elementor-button-content-wrapper\">\n\t\t\t\t\t\t\t\t\t\t\t\t\t\t<span class=\"elementor-button-icon elementor-align-icon-left\">\n\n\t\t\t\t\t\t\t\t\t\n\t\t\t\t\t\t\t\t<\/span>\n\t\t\t\t\t\t\t\t\t\t\t\t\t\n\t\t\t\t\t\t<span class=\"elementor-button-text\" id=uael-post-3248>Read More \u2192<\/span>\n\t\t\t\t\t<\/span>\n\t\t\t\t<\/a>\n\t\t\t\t\t\t<\/div>\n\t\t\t\n\t\t<\/div>\n\t\t\n\t<\/div>\n\n<\/div>\n\t\t\t\t<\/div>\n\t\t\t\t\t\t<div class=\"uael-post-inf-loader\">\n\t\t\t\t<div class=\"uael-post-loader-1\"><\/div>\n\t\t\t\t<div class=\"uael-post-loader-2\"><\/div>\n\t\t\t\t<div class=\"uael-post-loader-3\"><\/div>\n\t\t\t<\/div>\n\t\t\t\t\t\t\n\t\t<\/div>\n\n\t\t\t\t\t\t<\/div>\n\t\t<div class=\"uael-post__footer\">\n\t\t\t\t\t<\/div>\n\t\t\t\t\t\t<\/div>\n\t\t\t\t<\/div>\n\t\t\t\t\t<\/div>\n\t\t<\/div>\n\t\t\t\t\t<\/div>\n\t\t<\/section>\n\t\t\t\t<\/div>\n\t\t","protected":false},"excerpt":{"rendered":"<p>Blog Festival Africain des Arts Martiaux (FADAM) 2023: THE ONLY WORLD OPEN FOR MARTIAL ARTS is in AFRICA MASTER DOMINIQUE SAATENANG &#8220;THE AFRICAN BRUCE LEE&#8221; ORGANIZES, IN PARTNERSHIP WITH THE MINISTRY OF SPORTS AND RECREATION AND THE MINISTRY OF CULTURE, ARTS AND PATRIMONY Ijamact March 4, 2023 No Comments Blog FADAM 2023 Read More \u2192<\/p>\n","protected":false},"author":1,"featured_media":630,"parent":619,"menu_order":0,"comment_status":"closed","ping_status":"closed","template":"","meta":{"footnotes":""},"class_list":["post-634","page","type-page","status-publish","has-post-thumbnail","hentry"],"_links":{"self":[{"href":"https:\/\/ijamact.com\/index.php\/wp-json\/wp\/v2\/pages\/634","targetHints":{"allow":["GET"]}}],"collection":[{"href":"https:\/\/ijamact.com\/index.php\/wp-json\/wp\/v2\/pages"}],"about":[{"href":"https:\/\/ijamact.com\/index.php\/wp-json\/wp\/v2\/types\/page"}],"author":[{"embeddable":true,"href":"https:\/\/ijamact.com\/index.php\/wp-json\/wp\/v2\/users\/1"}],"replies":[{"embeddable":true,"href":"https:\/\/ijamact.com\/index.php\/wp-json\/wp\/v2\/comments?post=634"}],"version-history":[{"count":5,"href":"https:\/\/ijamact.com\/index.php\/wp-json\/wp\/v2\/pages\/634\/revisions"}],"predecessor-version":[{"id":3257,"href":"https:\/\/ijamact.com\/index.php\/wp-json\/wp\/v2\/pages\/634\/revisions\/3257"}],"up":[{"embeddable":true,"href":"https:\/\/ijamact.com\/index.php\/wp-json\/wp\/v2\/pages\/619"}],"wp:featuredmedia":[{"embeddable":true,"href":"https:\/\/ijamact.com\/index.php\/wp-json\/wp\/v2\/media\/630"}],"wp:attachment":[{"href":"https:\/\/ijamact.com\/index.php\/wp-json\/wp\/v2\/media?parent=634"}],"curies":[{"name":"wp","href":"https:\/\/api.w.org\/{rel}","templated":true}]}}